{"id":16,"date":"2024-04-26T09:55:41","date_gmt":"2024-04-26T09:55:41","guid":{"rendered":"https:\/\/app-66266e52c1ac188f088b7c7d.closte.com\/?page_id=16"},"modified":"2025-08-11T08:24:10","modified_gmt":"2025-08-11T06:24:10","slug":"kontakt","status":"publish","type":"page","link":"https:\/\/wts-legal.hu\/de\/kapcsolat\/","title":{"rendered":"Kontakt"},"content":{"rendered":"<h2 class=\"wp-block-heading has-primary-color has-text-color has-link-color wp-elements-2e107fe28b0ddcb5264a87edb367079a\">Unsere Kontaktdaten<\/h2>\n\n\n\n<p>Ha \u00e9rdekl\u0151dik jogi szolg\u00e1ltat\u00e1saink ir\u00e1nt, aj\u00e1nlatot szeretne k\u00e9rni, vagy b\u00e1rmilyen k\u00e9rd\u00e9se van hozz\u00e1nk, k\u00e9rj\u00fck, forduljon hozz\u00e1nk bizalommal! A <a href=\"mailto:iroda@wts-legal.hu\">iroda@wts-legal.hu<\/a> email-c\u00edmen vagy a +36 1 224 0900 telefonsz\u00e1mon el\u00e9r minket.<\/p>\n\n\n\n<p>Sie k\u00f6nnen unsere spezialisierten Anw\u00e4lte direkt \u00fcber die Kontaktdaten \u00fcber <a href=\"\/de\/experten\/\">Experten<\/a> kontaktieren.<\/p>","protected":false},"excerpt":{"rendered":"<p>El\u00e9rhet\u0151s\u00e9geink Ha \u00e9rdekl\u0151dik jogi szolg\u00e1ltat\u00e1saink ir\u00e1nt, aj\u00e1nlatot szeretne k\u00e9rni, vagy b\u00e1rmilyen k\u00e9rd\u00e9se van hozz\u00e1nk, k\u00e9rj\u00fck, forduljon hozz\u00e1nk bizalommal! A iroda@wts-legal.hu email-c\u00edmen vagy a +36 1 224 0900 telefonsz\u00e1mon el\u00e9r minket. Munkat\u00e1rsainkat, jogi szak\u00e9rt\u0151inket k\u00f6zvetlen\u00fcl a Szak\u00e9rt\u0151k men\u00fcpontban tal\u00e1lhat\u00f3 el\u00e9rhet\u0151s\u00e9geiken keresheti.<\/p>","protected":false},"author":1,"featured_media":0,"parent":0,"menu_order":0,"comment_status":"closed","ping_status":"closed","template":"","meta":{"_acf_changed":false,"footnotes":""},"class_list":["post-16","page","type-page","status-publish","hentry"],"acf":[],"yoast_head":"<!-- This site is optimized with the Yoast SEO plugin v27.5 - https:\/\/yoast.com\/product\/yoast-seo-wordpress\/ -->\n<title>Kapcsolat - WTS Legal<\/title>\n<meta name=\"robots\" content=\"index, follow, max-snippet:-1, max-image-preview:large, max-video-preview:-1\" \/>\n<link rel=\"canonical\" href=\"https:\/\/wts-legal.hu\/de\/kontakt\/\" \/>\n<meta property=\"og:locale\" content=\"de_DE\" \/>\n<meta property=\"og:type\" content=\"article\" \/>\n<meta property=\"og:title\" content=\"Kapcsolat - WTS Legal\" \/>\n<meta property=\"og:description\" content=\"El\u00e9rhet\u0151s\u00e9geink Ha \u00e9rdekl\u0151dik jogi szolg\u00e1ltat\u00e1saink ir\u00e1nt, aj\u00e1nlatot szeretne k\u00e9rni, vagy b\u00e1rmilyen k\u00e9rd\u00e9se van hozz\u00e1nk, k\u00e9rj\u00fck, forduljon hozz\u00e1nk bizalommal! A iroda@wts-legal.hu email-c\u00edmen vagy a +36 1 224 0900 telefonsz\u00e1mon el\u00e9r minket. Munkat\u00e1rsainkat, jogi szak\u00e9rt\u0151inket k\u00f6zvetlen\u00fcl a Szak\u00e9rt\u0151k men\u00fcpontban tal\u00e1lhat\u00f3 el\u00e9rhet\u0151s\u00e9geiken keresheti.\" \/>\n<meta property=\"og:url\" content=\"https:\/\/wts-legal.hu\/de\/kontakt\/\" \/>\n<meta property=\"og:site_name\" content=\"WTS Legal\" \/>\n<meta property=\"article:modified_time\" content=\"2025-08-11T06:24:10+00:00\" \/>\n<meta name=\"twitter:card\" content=\"summary_large_image\" \/>\n<meta name=\"twitter:label1\" content=\"Gesch\u00e4tzte Lesezeit\" \/>\n\t<meta name=\"twitter:data1\" content=\"1\u00a0Minute\" \/>\n<script type=\"application\/ld+json\" class=\"yoast-schema-graph\">{\"@context\":\"https:\\\/\\\/schema.org\",\"@graph\":[{\"@type\":\"WebPage\",\"@id\":\"https:\\\/\\\/wts-legal.hu\\\/kapcsolat\\\/\",\"url\":\"https:\\\/\\\/wts-legal.hu\\\/kapcsolat\\\/\",\"name\":\"Kapcsolat - WTS Legal\",\"isPartOf\":{\"@id\":\"https:\\\/\\\/wts-legal.hu\\\/#website\"},\"datePublished\":\"2024-04-26T09:55:41+00:00\",\"dateModified\":\"2025-08-11T06:24:10+00:00\",\"breadcrumb\":{\"@id\":\"https:\\\/\\\/wts-legal.hu\\\/kapcsolat\\\/#breadcrumb\"},\"inLanguage\":\"de\",\"potentialAction\":[{\"@type\":\"ReadAction\",\"target\":[\"https:\\\/\\\/wts-legal.hu\\\/kapcsolat\\\/\"]}]},{\"@type\":\"BreadcrumbList\",\"@id\":\"https:\\\/\\\/wts-legal.hu\\\/kapcsolat\\\/#breadcrumb\",\"itemListElement\":[{\"@type\":\"ListItem\",\"position\":1,\"name\":\"Kezd\u0151lap\",\"item\":\"https:\\\/\\\/wts-legal.hu\\\/\"},{\"@type\":\"ListItem\",\"position\":2,\"name\":\"Kapcsolat\"}]},{\"@type\":\"WebSite\",\"@id\":\"https:\\\/\\\/wts-legal.hu\\\/#website\",\"url\":\"https:\\\/\\\/wts-legal.hu\\\/\",\"name\":\"WTS Legal\",\"description\":\"A WTS Klient egy\u00fcttm\u0171k\u00f6d\u0151 partnere\",\"potentialAction\":[{\"@type\":\"SearchAction\",\"target\":{\"@type\":\"EntryPoint\",\"urlTemplate\":\"https:\\\/\\\/wts-legal.hu\\\/?s={search_term_string}\"},\"query-input\":{\"@type\":\"PropertyValueSpecification\",\"valueRequired\":true,\"valueName\":\"search_term_string\"}}],\"inLanguage\":\"de\"}]}<\/script>\n<!-- \/ Yoast SEO plugin. -->","yoast_head_json":{"title":"Kontakt - WTS Legal","robots":{"index":"index","follow":"follow","max-snippet":"max-snippet:-1","max-image-preview":"max-image-preview:large","max-video-preview":"max-video-preview:-1"},"canonical":"https:\/\/wts-legal.hu\/de\/kontakt\/","og_locale":"de_DE","og_type":"article","og_title":"Kapcsolat - WTS Legal","og_description":"El\u00e9rhet\u0151s\u00e9geink Ha \u00e9rdekl\u0151dik jogi szolg\u00e1ltat\u00e1saink ir\u00e1nt, aj\u00e1nlatot szeretne k\u00e9rni, vagy b\u00e1rmilyen k\u00e9rd\u00e9se van hozz\u00e1nk, k\u00e9rj\u00fck, forduljon hozz\u00e1nk bizalommal! A iroda@wts-legal.hu email-c\u00edmen vagy a +36 1 224 0900 telefonsz\u00e1mon el\u00e9r minket. Munkat\u00e1rsainkat, jogi szak\u00e9rt\u0151inket k\u00f6zvetlen\u00fcl a Szak\u00e9rt\u0151k men\u00fcpontban tal\u00e1lhat\u00f3 el\u00e9rhet\u0151s\u00e9geiken keresheti.","og_url":"https:\/\/wts-legal.hu\/de\/kontakt\/","og_site_name":"WTS Legal","article_modified_time":"2025-08-11T06:24:10+00:00","twitter_card":"summary_large_image","twitter_misc":{"Gesch\u00e4tzte Lesezeit":"1\u00a0Minute"},"schema":{"@context":"https:\/\/schema.org","@graph":[{"@type":"WebPage","@id":"https:\/\/wts-legal.hu\/kapcsolat\/","url":"https:\/\/wts-legal.hu\/kapcsolat\/","name":"Kontakt - WTS Legal","isPartOf":{"@id":"https:\/\/wts-legal.hu\/#website"},"datePublished":"2024-04-26T09:55:41+00:00","dateModified":"2025-08-11T06:24:10+00:00","breadcrumb":{"@id":"https:\/\/wts-legal.hu\/kapcsolat\/#breadcrumb"},"inLanguage":"de","potentialAction":[{"@type":"ReadAction","target":["https:\/\/wts-legal.hu\/kapcsolat\/"]}]},{"@type":"BreadcrumbList","@id":"https:\/\/wts-legal.hu\/kapcsolat\/#breadcrumb","itemListElement":[{"@type":"ListItem","position":1,"name":"Kezd\u0151lap","item":"https:\/\/wts-legal.hu\/"},{"@type":"ListItem","position":2,"name":"Kapcsolat"}]},{"@type":"WebSite","@id":"https:\/\/wts-legal.hu\/#website","url":"https:\/\/wts-legal.hu\/","name":"WTS Legal","description":"A WTS Klient egy\u00fcttm\u0171k\u00f6d\u0151 partnere","potentialAction":[{"@type":"SearchAction","target":{"@type":"EntryPoint","urlTemplate":"https:\/\/wts-legal.hu\/?s={search_term_string}"},"query-input":{"@type":"PropertyValueSpecification","valueRequired":true,"valueName":"search_term_string"}}],"inLanguage":"de"}]}},"_links":{"self":[{"href":"https:\/\/wts-legal.hu\/de\/wp-json\/wp\/v2\/pages\/16","targetHints":{"allow":["GET"]}}],"collection":[{"href":"https:\/\/wts-legal.hu\/de\/wp-json\/wp\/v2\/pages"}],"about":[{"href":"https:\/\/wts-legal.hu\/de\/wp-json\/wp\/v2\/types\/page"}],"author":[{"embeddable":true,"href":"https:\/\/wts-legal.hu\/de\/wp-json\/wp\/v2\/users\/1"}],"replies":[{"embeddable":true,"href":"https:\/\/wts-legal.hu\/de\/wp-json\/wp\/v2\/comments?post=16"}],"version-history":[{"count":11,"href":"https:\/\/wts-legal.hu\/de\/wp-json\/wp\/v2\/pages\/16\/revisions"}],"predecessor-version":[{"id":693,"href":"https:\/\/wts-legal.hu\/de\/wp-json\/wp\/v2\/pages\/16\/revisions\/693"}],"wp:attachment":[{"href":"https:\/\/wts-legal.hu\/de\/wp-json\/wp\/v2\/media?parent=16"}],"curies":[{"name":"wp","href":"https:\/\/api.w.org\/{rel}","templated":true}]}}