{"id":3,"date":"2024-04-26T09:14:28","date_gmt":"2024-04-26T09:14:28","guid":{"rendered":"https:\/\/app-66266e52c1ac188f088b7c7d.closte.com\/?page_id=3"},"modified":"2025-11-25T14:48:41","modified_gmt":"2025-11-25T13:48:41","slug":"datenschutzinformationen","status":"publish","type":"page","link":"https:\/\/wts-legal.hu\/de\/adatvedelmi-tajekoztato\/","title":{"rendered":"Datenschutzrichtlinie"},"content":{"rendered":"<p>A WTS Group AG \u00e9s a WTS Legal \u00dcgyv\u00e9di T\u00e1rsul\u00e1s vezet\u0151 irod\u00e1ja, a N\u00e1dasdy \u00dcgyv\u00e9di Iroda, mint k\u00f6z\u00f6s adatkezel\u0151k hat\u00e1lyos adatkezel\u00e9si t\u00e1j\u00e9koztat\u00f3ja a honlappal kapcsolatos adatkezel\u00e9sekr\u0151l PDF-form\u00e1tumban innen t\u00f6lthet\u0151 le:<\/p>\n\n\n\n<p><a href=\"https:\/\/wts-legal.hu\/wp-content\/uploads\/2024\/06\/2024.06.19_WTS-Legal_Honlap_Adatkezelesi-tajekoztato_HU_final.pdf\" data-type=\"link\" data-id=\"https:\/\/wts-legal.hu\/wp-content\/uploads\/2024\/06\/2024.06.19_WTS-Legal_Honlap_Adatkezelesi-tajekoztato_HU_final.pdf\">ADATKEZEL\u00c9SI T\u00c1J\u00c9KOZTAT\u00d3 HONLAPPAL KAPCSOLATOS ADATKEZEL\u00c9SEKR\u0150L<\/a><\/p>\n\n\n\n<p>A WTS Legal \u00dcgyv\u00e9di T\u00e1rsul\u00e1s tev\u00e9kenys\u00e9g\u00e9vel \u00f6sszef\u00fcgg\u0151 adatkezel\u00e9sekr\u0151l sz\u00f3l\u00f3 hat\u00e1lyos adatkezel\u00e9si t\u00e1j\u00e9koztat\u00f3 <br>PDF-form\u00e1tumban innen t\u00f6lthet\u0151 le:<\/p>\n\n\n\n<p><a href=\"https:\/\/wts-legal.hu\/wp-content\/uploads\/2024\/09\/WTS-Legal_Adatvedelmi-tajekoztato_external_HU_v02.pdf\">ADATKEZEL\u00c9SI T\u00c1J\u00c9KOZTAT\u00d3<\/a><\/p>\n\n\n\n<p>A WTS Legal \u00dcgyv\u00e9di T\u00e1rsul\u00e1s vezet\u0151 irod\u00e1ja, a N\u00e1dasdy \u00dcgyv\u00e9di Iroda, mint adatkezel\u0151 toborz\u00e1si adatkezel\u00e9si t\u00e1j\u00e9koztat\u00f3ja:<\/p>\n\n\n\n<p><a href=\"https:\/\/wts-legal.hu\/wp-content\/uploads\/2025\/02\/2025.02_WTS-Legal_Adatkezelesi-tajekoztato_Toborzas.pdf\">TOBORZ\u00c1SI ADATKEZEL\u00c9SI T\u00c1J\u00c9KOZTAT\u00d3<\/a><\/p>\n\n\n\n<p>B\u00e9rtranszparencia webin\u00e1riummal kapcsolatos adatkezel\u00e9si t\u00e1j\u00e9koztat\u00f3:<\/p>\n\n\n\n<p><a href=\"https:\/\/wts-legal.hu\/wp-content\/uploads\/2025\/11\/20251204_Bertranszparencia_webinarium_Adatkezelesi-tajekoztato_clean.pdf\">B\u00c9RTRANSZPARENCIA WEBIN\u00c1RIUM ADATKEZEL\u00c9SI T\u00c1J\u00c9KOZTAT\u00d3<\/a><\/p>\n\n\n\n<p><\/p>","protected":false},"excerpt":{"rendered":"<p>A WTS Group AG \u00e9s a WTS Legal \u00dcgyv\u00e9di T\u00e1rsul\u00e1s vezet\u0151 irod\u00e1ja, a N\u00e1dasdy \u00dcgyv\u00e9di Iroda, mint k\u00f6z\u00f6s adatkezel\u0151k hat\u00e1lyos adatkezel\u00e9si t\u00e1j\u00e9koztat\u00f3ja a honlappal kapcsolatos adatkezel\u00e9sekr\u0151l PDF-form\u00e1tumban innen t\u00f6lthet\u0151 le: ADATKEZEL\u00c9SI T\u00c1J\u00c9KOZTAT\u00d3 HONLAPPAL KAPCSOLATOS ADATKEZEL\u00c9SEKR\u0150L A WTS Legal \u00dcgyv\u00e9di T\u00e1rsul\u00e1s tev\u00e9kenys\u00e9g\u00e9vel \u00f6sszef\u00fcgg\u0151 adatkezel\u00e9sekr\u0151l sz\u00f3l\u00f3 hat\u00e1lyos adatkezel\u00e9si t\u00e1j\u00e9koztat\u00f3 PDF-form\u00e1tumban innen t\u00f6lthet\u0151 le: ADATKEZEL\u00c9SI T\u00c1J\u00c9KOZTAT\u00d3 A WTS [&hellip;]<\/p>\n","protected":false},"author":1,"featured_media":0,"parent":0,"menu_order":0,"comment_status":"closed","ping_status":"closed","template":"","meta":{"_acf_changed":false,"footnotes":""},"class_list":["post-3","page","type-page","status-publish","hentry"],"acf":[],"yoast_head":"<!-- This site is optimized with the Yoast SEO plugin v27.5 - https:\/\/yoast.com\/product\/yoast-seo-wordpress\/ -->\n<title>Adatv\u00e9delmi t\u00e1j\u00e9koztat\u00f3 - WTS Legal<\/title>\n<meta name=\"robots\" content=\"index, follow, max-snippet:-1, max-image-preview:large, max-video-preview:-1\" \/>\n<link rel=\"canonical\" href=\"https:\/\/wts-legal.hu\/de\/datenschutzinformationen\/\" \/>\n<meta property=\"og:locale\" content=\"de_DE\" \/>\n<meta property=\"og:type\" content=\"article\" \/>\n<meta property=\"og:title\" content=\"Adatv\u00e9delmi t\u00e1j\u00e9koztat\u00f3 - WTS Legal\" \/>\n<meta property=\"og:description\" content=\"A WTS Group AG \u00e9s a WTS Legal \u00dcgyv\u00e9di T\u00e1rsul\u00e1s vezet\u0151 irod\u00e1ja, a N\u00e1dasdy \u00dcgyv\u00e9di Iroda, mint k\u00f6z\u00f6s adatkezel\u0151k hat\u00e1lyos adatkezel\u00e9si t\u00e1j\u00e9koztat\u00f3ja a honlappal kapcsolatos adatkezel\u00e9sekr\u0151l PDF-form\u00e1tumban innen t\u00f6lthet\u0151 le: ADATKEZEL\u00c9SI T\u00c1J\u00c9KOZTAT\u00d3 HONLAPPAL KAPCSOLATOS ADATKEZEL\u00c9SEKR\u0150L A WTS Legal \u00dcgyv\u00e9di T\u00e1rsul\u00e1s tev\u00e9kenys\u00e9g\u00e9vel \u00f6sszef\u00fcgg\u0151 adatkezel\u00e9sekr\u0151l sz\u00f3l\u00f3 hat\u00e1lyos adatkezel\u00e9si t\u00e1j\u00e9koztat\u00f3 PDF-form\u00e1tumban innen t\u00f6lthet\u0151 le: ADATKEZEL\u00c9SI T\u00c1J\u00c9KOZTAT\u00d3 A WTS [&hellip;]\" \/>\n<meta property=\"og:url\" content=\"https:\/\/wts-legal.hu\/de\/datenschutzinformationen\/\" \/>\n<meta property=\"og:site_name\" content=\"WTS Legal\" \/>\n<meta property=\"article:modified_time\" content=\"2025-11-25T13:48:41+00:00\" \/>\n<meta name=\"twitter:card\" content=\"summary_large_image\" \/>\n<meta name=\"twitter:label1\" content=\"Gesch\u00e4tzte Lesezeit\" \/>\n\t<meta name=\"twitter:data1\" content=\"1\u00a0Minute\" \/>\n<script type=\"application\/ld+json\" class=\"yoast-schema-graph\">{\"@context\":\"https:\\\/\\\/schema.org\",\"@graph\":[{\"@type\":\"WebPage\",\"@id\":\"https:\\\/\\\/wts-legal.hu\\\/adatvedelmi-tajekoztato\\\/\",\"url\":\"https:\\\/\\\/wts-legal.hu\\\/adatvedelmi-tajekoztato\\\/\",\"name\":\"Adatv\u00e9delmi t\u00e1j\u00e9koztat\u00f3 - WTS Legal\",\"isPartOf\":{\"@id\":\"https:\\\/\\\/wts-legal.hu\\\/#website\"},\"datePublished\":\"2024-04-26T09:14:28+00:00\",\"dateModified\":\"2025-11-25T13:48:41+00:00\",\"breadcrumb\":{\"@id\":\"https:\\\/\\\/wts-legal.hu\\\/adatvedelmi-tajekoztato\\\/#breadcrumb\"},\"inLanguage\":\"de\",\"potentialAction\":[{\"@type\":\"ReadAction\",\"target\":[\"https:\\\/\\\/wts-legal.hu\\\/adatvedelmi-tajekoztato\\\/\"]}]},{\"@type\":\"BreadcrumbList\",\"@id\":\"https:\\\/\\\/wts-legal.hu\\\/adatvedelmi-tajekoztato\\\/#breadcrumb\",\"itemListElement\":[{\"@type\":\"ListItem\",\"position\":1,\"name\":\"Kezd\u0151lap\",\"item\":\"https:\\\/\\\/wts-legal.hu\\\/\"},{\"@type\":\"ListItem\",\"position\":2,\"name\":\"Adatv\u00e9delmi t\u00e1j\u00e9koztat\u00f3\"}]},{\"@type\":\"WebSite\",\"@id\":\"https:\\\/\\\/wts-legal.hu\\\/#website\",\"url\":\"https:\\\/\\\/wts-legal.hu\\\/\",\"name\":\"WTS Legal\",\"description\":\"A WTS Klient egy\u00fcttm\u0171k\u00f6d\u0151 partnere\",\"potentialAction\":[{\"@type\":\"SearchAction\",\"target\":{\"@type\":\"EntryPoint\",\"urlTemplate\":\"https:\\\/\\\/wts-legal.hu\\\/?s={search_term_string}\"},\"query-input\":{\"@type\":\"PropertyValueSpecification\",\"valueRequired\":true,\"valueName\":\"search_term_string\"}}],\"inLanguage\":\"de\"}]}<\/script>\n<!-- \/ Yoast SEO plugin. -->","yoast_head_json":{"title":"Adatv\u00e9delmi t\u00e1j\u00e9koztat\u00f3 - WTS Legal","robots":{"index":"index","follow":"follow","max-snippet":"max-snippet:-1","max-image-preview":"max-image-preview:large","max-video-preview":"max-video-preview:-1"},"canonical":"https:\/\/wts-legal.hu\/de\/datenschutzinformationen\/","og_locale":"de_DE","og_type":"article","og_title":"Adatv\u00e9delmi t\u00e1j\u00e9koztat\u00f3 - WTS Legal","og_description":"A WTS Group AG \u00e9s a WTS Legal \u00dcgyv\u00e9di T\u00e1rsul\u00e1s vezet\u0151 irod\u00e1ja, a N\u00e1dasdy \u00dcgyv\u00e9di Iroda, mint k\u00f6z\u00f6s adatkezel\u0151k hat\u00e1lyos adatkezel\u00e9si t\u00e1j\u00e9koztat\u00f3ja a honlappal kapcsolatos adatkezel\u00e9sekr\u0151l PDF-form\u00e1tumban innen t\u00f6lthet\u0151 le: ADATKEZEL\u00c9SI T\u00c1J\u00c9KOZTAT\u00d3 HONLAPPAL KAPCSOLATOS ADATKEZEL\u00c9SEKR\u0150L A WTS Legal \u00dcgyv\u00e9di T\u00e1rsul\u00e1s tev\u00e9kenys\u00e9g\u00e9vel \u00f6sszef\u00fcgg\u0151 adatkezel\u00e9sekr\u0151l sz\u00f3l\u00f3 hat\u00e1lyos adatkezel\u00e9si t\u00e1j\u00e9koztat\u00f3 PDF-form\u00e1tumban innen t\u00f6lthet\u0151 le: ADATKEZEL\u00c9SI T\u00c1J\u00c9KOZTAT\u00d3 A WTS [&hellip;]","og_url":"https:\/\/wts-legal.hu\/de\/datenschutzinformationen\/","og_site_name":"WTS Legal","article_modified_time":"2025-11-25T13:48:41+00:00","twitter_card":"summary_large_image","twitter_misc":{"Gesch\u00e4tzte Lesezeit":"1\u00a0Minute"},"schema":{"@context":"https:\/\/schema.org","@graph":[{"@type":"WebPage","@id":"https:\/\/wts-legal.hu\/adatvedelmi-tajekoztato\/","url":"https:\/\/wts-legal.hu\/adatvedelmi-tajekoztato\/","name":"Adatv\u00e9delmi t\u00e1j\u00e9koztat\u00f3 - WTS Legal","isPartOf":{"@id":"https:\/\/wts-legal.hu\/#website"},"datePublished":"2024-04-26T09:14:28+00:00","dateModified":"2025-11-25T13:48:41+00:00","breadcrumb":{"@id":"https:\/\/wts-legal.hu\/adatvedelmi-tajekoztato\/#breadcrumb"},"inLanguage":"de","potentialAction":[{"@type":"ReadAction","target":["https:\/\/wts-legal.hu\/adatvedelmi-tajekoztato\/"]}]},{"@type":"BreadcrumbList","@id":"https:\/\/wts-legal.hu\/adatvedelmi-tajekoztato\/#breadcrumb","itemListElement":[{"@type":"ListItem","position":1,"name":"Kezd\u0151lap","item":"https:\/\/wts-legal.hu\/"},{"@type":"ListItem","position":2,"name":"Adatv\u00e9delmi t\u00e1j\u00e9koztat\u00f3"}]},{"@type":"WebSite","@id":"https:\/\/wts-legal.hu\/#website","url":"https:\/\/wts-legal.hu\/","name":"WTS Legal","description":"A WTS Klient egy\u00fcttm\u0171k\u00f6d\u0151 partnere","potentialAction":[{"@type":"SearchAction","target":{"@type":"EntryPoint","urlTemplate":"https:\/\/wts-legal.hu\/?s={search_term_string}"},"query-input":{"@type":"PropertyValueSpecification","valueRequired":true,"valueName":"search_term_string"}}],"inLanguage":"de"}]}},"_links":{"self":[{"href":"https:\/\/wts-legal.hu\/de\/wp-json\/wp\/v2\/pages\/3","targetHints":{"allow":["GET"]}}],"collection":[{"href":"https:\/\/wts-legal.hu\/de\/wp-json\/wp\/v2\/pages"}],"about":[{"href":"https:\/\/wts-legal.hu\/de\/wp-json\/wp\/v2\/types\/page"}],"author":[{"embeddable":true,"href":"https:\/\/wts-legal.hu\/de\/wp-json\/wp\/v2\/users\/1"}],"replies":[{"embeddable":true,"href":"https:\/\/wts-legal.hu\/de\/wp-json\/wp\/v2\/comments?post=3"}],"version-history":[{"count":11,"href":"https:\/\/wts-legal.hu\/de\/wp-json\/wp\/v2\/pages\/3\/revisions"}],"predecessor-version":[{"id":709,"href":"https:\/\/wts-legal.hu\/de\/wp-json\/wp\/v2\/pages\/3\/revisions\/709"}],"wp:attachment":[{"href":"https:\/\/wts-legal.hu\/de\/wp-json\/wp\/v2\/media?parent=3"}],"curies":[{"name":"wp","href":"https:\/\/api.w.org\/{rel}","templated":true}]}}