{"id":33,"date":"2024-04-26T11:41:20","date_gmt":"2024-04-26T11:41:20","guid":{"rendered":"https:\/\/app-66266e52c1ac188f088b7c7d.closte.com\/?page_id=33"},"modified":"2024-07-08T18:40:35","modified_gmt":"2024-07-08T16:40:35","slug":"hauptseite","status":"publish","type":"page","link":"https:\/\/wts-legal.hu\/de\/","title":{"rendered":"Hauptseite"},"content":{"rendered":"<div class=\"wp-block-create-block-cover cover alignfull\"><div class=\"cover\"><img decoding=\"async\" class=\"cover-image\" src=\"https:\/\/wts-legal.hu\/wp-content\/uploads\/2024\/04\/cover-2-1.jpg\" alt=\"Placeholder\"\/><h2 class=\"cover-caption\" style=\"background-color:#282828;color:#ffffff\">Lawyers you can rely on.<\/h2><\/div><\/div>\n\n\n\n<div class=\"wp-block-group alignwide is-layout-flow wp-block-group-is-layout-flow\">\n<h2 class=\"wp-block-heading alignwide has-primary-color has-text-color has-link-color wp-elements-9d033792856869178775e77b586b2ce0\">Legal Services durch spezialisierte Anw\u00e4lte, auf die Sie sich verlassen k\u00f6nnen<\/h2>\n\n\n\n<p>Als multidisziplin\u00e4re Rechtsanwaltsgemeinschaft ist WTS Legal ein unabh\u00e4ngiger, innovativer und praxisorientierter Anbieter von L\u00f6sungen im Bereich Recht und Compliance \u2013 f\u00fcr nationale und internationale Konzerne, mittelst\u00e4ndische und inhabergef\u00fchrte Unternehmen, Finanzinvestoren und Start-Ups sowie \u00f6ffentliche K\u00f6rperschaften in nahezu allen Bereichen des Wirtschaftsrechts.<\/p>\n\n\n\n<p>Unser Team verf\u00fcgt \u00fcber ein umfangreiches internationales Netzwerk und langj\u00e4hrige Erfahrung aus internationalen Anwaltskanzleien in einer Vielzahl von Rechtsbereichen, darunter Arbeitsrecht, Wirtschaftsrecht, Mergers &amp; Acquisitions, Restructuring, Immobilienrecht, inkl. Transaktionen, Wettbewerbsrecht und Datenschutzrecht.<\/p>\n\n\n\n<p>Wir bieten auch Rechtsberatung f\u00fcr das Tagesgesch\u00e4ft, einschlie\u00dflich Projektmanagement und Projekt\u00fcberwachung. Wir \u00fcbernehmen zudem die rechtlichen Aufgaben im Zusammenhang mit dem digital economy, einschlie\u00dflich IT, Cloud-Dienste und k\u00fcnstliche Intelligenz, um die Herausforderungen unserer Zeit zu meistern.<\/p>\n\n\n\n<p>Unser Team geht wir davon aus, dass Mandanten sich eine durchdachte, praktische Rechtsberatung im Rahmen einer qualitativ hochwertigen Dienstleistung w\u00fcnschen, durch einen Experten auf dem betreffenden Rechtsgebiet. Wir bieten diesen legal Service an und erm\u00f6glichen damit unseren Mandanten die richtigen gesch\u00e4ftlichen Entscheidungen zu treffen.<\/p>\n<\/div>\n\n\n\n<div style=\"height:40px\" aria-hidden=\"true\" class=\"wp-block-spacer\"><\/div>\n\n\n\n<div class=\"wp-block-create-block-hero-img-right hero alignfull cover\"><div class=\"hero-img-right\" style=\"background-color:#ffffff\"><div class=\"hero-wrapper\"><div class=\"hero-caption\" style=\"background-color:#ffffff\"><h2 class=\"hero-caption-title\" style=\"color:#000000\">Unsere Experten<\/h2><p class=\"hero-caption-text\" style=\"color:#000000\">Das Team aus Experten ist der Schl\u00fcssel zum Erfolg f\u00fcr unsere hervorragenden Beratungsleistungen. Wir verf\u00fcgen \u00fcber jahrzehntelange, umfassende Erfahrung in der Region und ein gutes Verst\u00e4ndnis der l\u00e4nderspezifischen Besonderheiten des ungarischen Marktes, so dass wir unseren Mandanten ma\u00dfgeschneiderte L\u00f6sungen anbieten k\u00f6nnen.<\/p>\n<div class=\"wp-block-create-block-button\"><a class=\"readmore-button\" href=\"\/de\/experten\/\" style=\"color:#ffffff;background-color:#282828\">Lernen Sie uns kennen!<\/a><\/div>\n<\/div><figure class=\"hero-figure\"><img decoding=\"async\" class=\"hero-figure-image\" src=\"https:\/\/wts-legal.hu\/wp-content\/uploads\/2024\/04\/pexels-sora-shimazaki-5669609_SZAKERTOINK.jpg\" alt=\"Placeholder\"\/><\/figure><\/div><\/div><\/div>\n\n\n\n<div class=\"wp-block-group is-nowrap is-layout-flex wp-container-core-group-is-layout-6c531013 wp-block-group-is-layout-flex\"><\/div>\n\n\n\n<div class=\"wp-block-group has-global-padding is-layout-constrained wp-block-group-is-layout-constrained\">\n<h2 class=\"wp-block-heading alignwide has-dark-color has-text-color has-link-color wp-elements-67494a031b62d7166c79b97b301789a2\"><strong>Beratung, die Sie brauchen<\/strong><\/h2>\n\n\n\n<p>Unsere Expertise steht Ihnen jederzeit zur Verf\u00fcgung. Werfen Sie einen Blick auf unsere legal Services und kontaktieren Sie uns!<\/p>\n<\/div>\n\n\n\n<div class=\"wp-block-group has-global-padding is-layout-constrained wp-block-group-is-layout-constrained\">\n<div class=\"wp-block-columns is-layout-flex wp-container-core-columns-is-layout-28f84493 wp-block-columns-is-layout-flex\">\n<div class=\"wp-block-column is-layout-flow wp-block-column-is-layout-flow\">\n<div class=\"wp-block-group is-nowrap is-layout-flex wp-container-core-group-is-layout-6c531013 wp-block-group-is-layout-flex\">\n<div class=\"wp-block-create-block-card wts-card card-white alignundefined\"><a href=\"\/de\/dienstleistungen\/wirtschaftrecht\/\" class=\"wts-card\"><div class=\"wts-card-caption\"><h3 style=\"color:#ffffff;background-color:#282828\">Wirtschaftsrecht<\/h3><\/div><figure class=\"wts-card-figure\"><img decoding=\"async\" class=\"wts-card-figure-image\" src=\"https:\/\/wts-legal.hu\/wp-content\/uploads\/2024\/04\/nordwood-themes-q8U1YgBaRQk-unsplash_kereskedelmi_jog.jpg\" alt=\"Placeholder\"\/><\/figure><\/a><\/div>\n<\/div>\n<\/div>\n\n\n\n<div class=\"wp-block-column is-layout-flow wp-block-column-is-layout-flow\">\n<div class=\"wp-block-create-block-card wts-card card-white alignundefined\"><a href=\"\/de\/dienstleistungen\/immobilienrecht\/\" class=\"wts-card\"><div class=\"wts-card-caption\"><h3 style=\"color:#ffffff;background-color:#282828\">Immobilienrecht<\/h3><\/div><figure class=\"wts-card-figure\"><img decoding=\"async\" class=\"wts-card-figure-image\" src=\"https:\/\/wts-legal.hu\/wp-content\/uploads\/2024\/04\/Ingaltanjog.jpg\" alt=\"Placeholder\"\/><\/figure><\/a><\/div>\n<\/div>\n\n\n\n<div class=\"wp-block-column is-layout-flow wp-block-column-is-layout-flow\">\n<div class=\"wp-block-create-block-card wts-card card-white alignundefined\"><a href=\"\/de\/dienstleistungen\/gesellschaftsrecht-und-ma\/\" class=\"wts-card\"><div class=\"wts-card-caption\"><h3 style=\"color:#ffffff;background-color:#282828\">Gesellschaftsrecht und M&amp;A<\/h3><\/div><figure class=\"wts-card-figure\"><img decoding=\"async\" class=\"wts-card-figure-image\" src=\"https:\/\/wts-legal.hu\/wp-content\/uploads\/2024\/04\/Tarsasagi-jog-es-MA.jpg\" alt=\"Placeholder\"\/><\/figure><\/a><\/div>\n<\/div>\n<\/div>\n\n\n\n<div class=\"wp-block-columns is-layout-flex wp-container-core-columns-is-layout-28f84493 wp-block-columns-is-layout-flex\">\n<div class=\"wp-block-column is-layout-flow wp-block-column-is-layout-flow\">\n<div class=\"wp-block-create-block-card wts-card card-white alignundefined\"><a href=\"\/de\/dienstleistungen\/arbeitsrecht\/\" class=\"wts-card\"><div class=\"wts-card-caption\"><h3 style=\"color:#ffffff;background-color:#282828\">Arbeitsrecht<\/h3><\/div><figure class=\"wts-card-figure\"><img decoding=\"async\" class=\"wts-card-figure-image\" src=\"https:\/\/wts-legal.hu\/wp-content\/uploads\/2024\/04\/tingey-injury-law-firm-yCdPU73kGSc-unsplash_MUNKAJOGI_TANACSADAS.jpg\" alt=\"Placeholder\"\/><\/figure><\/a><\/div>\n<\/div>\n\n\n\n<div class=\"wp-block-column is-layout-flow wp-block-column-is-layout-flow\">\n<div class=\"wp-block-group is-nowrap is-layout-flex wp-container-core-group-is-layout-6c531013 wp-block-group-is-layout-flex\">\n<div class=\"wp-block-create-block-card wts-card card-white alignundefined\"><a href=\"\/de\/dienstleistungen\/datenschutzrecht\/\" class=\"wts-card\"><div class=\"wts-card-caption\"><h3 style=\"color:#ffffff;background-color:#282828\">Datenschutzrecht<\/h3><\/div><figure class=\"wts-card-figure\"><img decoding=\"async\" class=\"wts-card-figure-image\" src=\"https:\/\/wts-legal.hu\/wp-content\/uploads\/2024\/04\/Adatvedelmi-atvilagitas.jpg\" alt=\"Placeholder\"\/><\/figure><\/a><\/div>\n<\/div>\n<\/div>\n\n\n\n<div class=\"wp-block-column is-layout-flow wp-block-column-is-layout-flow\">\n<div class=\"wp-block-create-block-card wts-card card-white alignundefined\"><a href=\"\/de\/szolgaltatas\/litigation-schiedsgerichtsbarkeit-und-ausergerichtliche-streitbeilegung\/\" class=\"wts-card\"><div class=\"wts-card-caption\"><h3 style=\"color:#ffffff;background-color:#282828\">Litigation<\/h3><\/div><figure class=\"wts-card-figure\"><img decoding=\"async\" class=\"wts-card-figure-image\" src=\"https:\/\/wts-legal.hu\/wp-content\/uploads\/2024\/06\/pexels-gustavo-fring-3885526_perjog.jpg\" alt=\"Placeholder\"\/><\/figure><\/a><\/div>\n<\/div>\n<\/div>\n\n\n\n<div class=\"wp-block-columns is-layout-flex wp-container-core-columns-is-layout-28f84493 wp-block-columns-is-layout-flex\">\n<div class=\"wp-block-column is-layout-flow wp-block-column-is-layout-flow\">\n<div class=\"wp-block-create-block-card wts-card card-white alignundefined\"><a href=\"\/de\/szolgaltatas\/umweltrecht\/\" class=\"wts-card\"><div class=\"wts-card-caption\"><h3 style=\"color:#ffffff;background-color:#282828\">Umweltrecht<\/h3><\/div><figure class=\"wts-card-figure\"><img decoding=\"async\" class=\"wts-card-figure-image\" src=\"https:\/\/wts-legal.hu\/wp-content\/uploads\/2024\/06\/kornyezetvedelmi-jog_1000x668.jpg\" alt=\"Placeholder\"\/><\/figure><\/a><\/div>\n<\/div>\n\n\n\n<div class=\"wp-block-column is-layout-flow wp-block-column-is-layout-flow\">\n<div class=\"wp-block-create-block-card wts-card card-white alignundefined\"><a href=\"\/de\/dienstleistungen\/rechtliche-due-diligence-prufung\/\" class=\"wts-card\"><div class=\"wts-card-caption\"><h3 style=\"color:#ffffff;background-color:#282828\">Rechtliche Due-Diligence-Pr\u00fcfung<\/h3><\/div><figure class=\"wts-card-figure\"><img decoding=\"async\" class=\"wts-card-figure-image\" src=\"https:\/\/wts-legal.hu\/wp-content\/uploads\/2024\/04\/bernard-hermant-IhcSHrZXFs4-unsplash_JOGI_ATVILAGITAS.jpg\" alt=\"Placeholder\"\/><\/figure><\/a><\/div>\n<\/div>\n\n\n\n<div class=\"wp-block-column is-layout-flow wp-block-column-is-layout-flow\">\n<div class=\"wp-block-columns is-layout-flex wp-container-core-columns-is-layout-28f84493 wp-block-columns-is-layout-flex\">\n<div class=\"wp-block-column is-layout-flow wp-block-column-is-layout-flow\" style=\"flex-basis:100%\">\n<div class=\"wp-block-group has-global-padding is-layout-constrained wp-block-group-is-layout-constrained\">\n<div class=\"wp-block-create-block-card wts-card card-white alignundefined\"><a href=\"\/de\/szolgaltatas\/digital-economy\/\" class=\"wts-card\"><div class=\"wts-card-caption\"><h3 style=\"color:#ffffff;background-color:#282828\">Digital Economy<\/h3><\/div><figure class=\"wts-card-figure\"><img decoding=\"async\" class=\"wts-card-figure-image\" src=\"https:\/\/wts-legal.hu\/wp-content\/uploads\/2024\/06\/digitalis_gazdasag_1000x668.jpg\" alt=\"Placeholder\"\/><\/figure><\/a><\/div>\n<\/div>\n<\/div>\n<\/div>\n<\/div>\n<\/div>\n<\/div>\n\n\n\n<div class=\"wp-block-group is-nowrap is-layout-flex wp-container-core-group-is-layout-6c531013 wp-block-group-is-layout-flex\"><\/div>\n\n\n\n<div class=\"wp-block-group alignwide has-global-padding is-layout-constrained wp-block-group-is-layout-constrained\">\n<h2 class=\"wp-block-heading alignwide has-dark-color has-text-color has-link-color wp-elements-fff126c317b1613ae8a0d33301a18ed0\">Zusammenarbeit mit WTS Klient<\/h2>\n<\/div>\n\n\n\n<div class=\"wp-block-create-block-hero-img-right hero alignfull cover\"><div class=\"hero-img-right\" style=\"background-color:#ffffff\"><div class=\"hero-wrapper\"><div class=\"hero-caption\" style=\"background-color:#ffffff\"><h2 class=\"hero-caption-title\" style=\"color:#000000\">Legal Services<\/h2><p class=\"hero-caption-text\" style=\"color:#000000\">Unsere Kanzlei arbeitet eng mit der WTS Klient Business Advisory Ltd. zusammen. Wir sind der Meinung, dass keine Beratungst\u00e4tigkeit ohne den entsprechenden rechtlichen Hintergrund ausreichend fundiert sein kann. Ob es sich um eine Beratung im Bereich der Steuer- oder Buchhaltungs handelt, ein genaues rechtliches Verst\u00e4ndnis der Materie ist immer die Grundlage f\u00fcr die richtige Entscheidung.<\/p>\n<div class=\"wp-block-create-block-button\"><a class=\"readmore-button\" href=\"https:\/\/wtsklient.hu\/de\/\" style=\"color:#ffffff;background-color:#282828\">Weiter zu wtsklient.hu<\/a><\/div>\n<\/div><figure class=\"hero-figure\"><img decoding=\"async\" class=\"hero-figure-image\" src=\"https:\/\/wts-legal.hu\/wp-content\/uploads\/2024\/04\/aaron-ledesma-unsplash-retus-gray_JOGI_TANACSADAS.jpg\" alt=\"Placeholder\"\/><\/figure><\/div><\/div><\/div>\n\n\n\n<div style=\"height:100px\" aria-hidden=\"true\" class=\"wp-block-spacer\"><\/div>\n\n\n\n<div class=\"wp-block-create-block-hero-img-left hero alignfull cover\"><div class=\"hero-img-left\" style=\"background-color:#ffffff\"><div class=\"hero-wrapper\"><figure class=\"hero-figure\"><img decoding=\"async\" class=\"hero-figure-image\" src=\"https:\/\/wts-legal.hu\/wp-content\/uploads\/2024\/04\/440_Pexels_943630_Teamwork_MULTIDISZCIPLINARITAS.jpg\" alt=\"Placeholder\"\/><\/figure><div class=\"hero-caption\" style=\"background-color:#ffffff\"><h2 class=\"hero-caption-title\" style=\"color:#000000\">Multidisziplinarit\u00e4t<\/h2><p class=\"hero-caption-text\" style=\"color:#000000\">Die hohe Qualit\u00e4t unserer Rechtsberatung wird dadurch unterst\u00fctzt, dass unsere Berater nicht nur \u00fcber exzellente juristische Kenntnisse, sondern - in Zusammenarbeit mit WTS Klient - auch \u00fcber vertiefte bilanzielle und steuerliche Kenntnisse verf\u00fcgen. Diese Kenntnisse sind insbesondere in den Bereichen Gesellschafts- und Arbeitsrecht, aber auch im Bereich von Mergers &amp; Acquisistions, Restructuring und Immobilientransaktionen unverzichtbar.<\/p>\n<div class=\"wp-block-create-block-button\"><a class=\"readmore-button\" href=\"https:\/\/wtsklient.hu\/de\/dienstleistungen\/\" style=\"color:#ffffff;background-color:#282828\">Weiter zu WTS Klient Dienstleistungen<\/a><\/div>\n<\/div><\/div><\/div><\/div>\n\n\n\n<div style=\"height:100px\" aria-hidden=\"true\" class=\"wp-block-spacer\"><\/div>\n\n\n\n<div class=\"wp-block-create-block-hero-img-right hero alignfull cover\"><div class=\"hero-img-right\" style=\"background-color:#ffffff\"><div class=\"hero-wrapper\"><div class=\"hero-caption\" style=\"background-color:#ffffff\"><h2 class=\"hero-caption-title\" style=\"color:#000000\">Internationaler Hintergrund<\/h2><p class=\"hero-caption-text\" style=\"color:#000000\">Unsere Partnerschaft mit WTS Klient bietet zudem die Unterst\u00fctzung f\u00fcr das internationale Netzwerk von WTS Global, und wir k\u00f6nnen ein hohes Serviceniveau f\u00fcr unsere Mandanten sicherstellen, indem wir bei Bedarf mit renommierten Anwaltskanzleien zusammenarbeiten.<\/p>\n<div class=\"wp-block-create-block-button\"><a class=\"readmore-button\" href=\"https:\/\/wts.com\/global\" style=\"color:#ffffff;background-color:#282828\">Weiter zu wts.com\/global<\/a><\/div>\n<\/div><figure class=\"hero-figure\"><img decoding=\"async\" class=\"hero-figure-image\" src=\"https:\/\/wts-legal.hu\/wp-content\/uploads\/2024\/04\/globe_NEMZETKOZI_HATTER.jpg\" alt=\"Placeholder\"\/><\/figure><\/div><\/div><\/div>\n\n\n\n<div style=\"height:80px\" aria-hidden=\"true\" class=\"wp-block-spacer\"><\/div>","protected":false},"excerpt":{"rendered":"<p>Jogi szolg\u00e1ltat\u00e1sok megb\u00edzhat\u00f3 k\u00e9zb\u0151l Multidiszciplin\u00e1ris \u00fcgyv\u00e9di irodak\u00e9nt a WTS Legal f\u00fcggetlen, innovat\u00edv \u00e9s gyakorlatorient\u00e1lt jogi megold\u00e1sokat k\u00edn\u00e1l \u00fcgyfelei sz\u00e1m\u00e1ra. V\u00e1llaljuk hazai \u00e9s nemzetk\u00f6zi t\u00e1rsas\u00e1gok, le\u00e1nyv\u00e1llalatok, kis- \u00e9s k\u00f6z\u00e9pv\u00e1llalatok, p\u00e9nz\u00fcgyi befektet\u0151k \u00e9s startupok jogi t\u00e1mogat\u00e1s\u00e1t, a kereskedelmi jog szinte minden ter\u00fclet\u00e9n. Munkat\u00e1rsaink kiterjedt nemzetk\u00f6zi kapcsolatokkal \u00e9s sz\u00e9lesk\u00f6r\u0171, sok\u00e9ves, nemzetk\u00f6zi \u00fcgyv\u00e9di irod\u00e1kban szerzett tapasztalattal rendelkeznek a v\u00e1llalati [&hellip;]<\/p>\n","protected":false},"author":1,"featured_media":0,"parent":0,"menu_order":0,"comment_status":"closed","ping_status":"closed","template":"","meta":{"_acf_changed":false,"footnotes":""},"class_list":["post-33","page","type-page","status-publish","hentry"],"acf":[],"yoast_head":"<!-- This site is optimized with the Yoast SEO plugin v27.5 - https:\/\/yoast.com\/product\/yoast-seo-wordpress\/ -->\n<title>Kezd\u0151lap - WTS Legal<\/title>\n<meta name=\"robots\" content=\"index, follow, max-snippet:-1, max-image-preview:large, max-video-preview:-1\" \/>\n<link rel=\"canonical\" href=\"https:\/\/wts-legal.hu\/de\/\" \/>\n<meta property=\"og:locale\" content=\"de_DE\" \/>\n<meta property=\"og:type\" content=\"article\" \/>\n<meta property=\"og:title\" content=\"Kezd\u0151lap - WTS Legal\" \/>\n<meta property=\"og:description\" content=\"Jogi szolg\u00e1ltat\u00e1sok megb\u00edzhat\u00f3 k\u00e9zb\u0151l Multidiszciplin\u00e1ris \u00fcgyv\u00e9di irodak\u00e9nt a WTS Legal f\u00fcggetlen, innovat\u00edv \u00e9s gyakorlatorient\u00e1lt jogi megold\u00e1sokat k\u00edn\u00e1l \u00fcgyfelei sz\u00e1m\u00e1ra. V\u00e1llaljuk hazai \u00e9s nemzetk\u00f6zi t\u00e1rsas\u00e1gok, le\u00e1nyv\u00e1llalatok, kis- \u00e9s k\u00f6z\u00e9pv\u00e1llalatok, p\u00e9nz\u00fcgyi befektet\u0151k \u00e9s startupok jogi t\u00e1mogat\u00e1s\u00e1t, a kereskedelmi jog szinte minden ter\u00fclet\u00e9n. Munkat\u00e1rsaink kiterjedt nemzetk\u00f6zi kapcsolatokkal \u00e9s sz\u00e9lesk\u00f6r\u0171, sok\u00e9ves, nemzetk\u00f6zi \u00fcgyv\u00e9di irod\u00e1kban szerzett tapasztalattal rendelkeznek a v\u00e1llalati [&hellip;]\" \/>\n<meta property=\"og:url\" content=\"https:\/\/wts-legal.hu\/de\/\" \/>\n<meta property=\"og:site_name\" content=\"WTS Legal\" \/>\n<meta property=\"article:modified_time\" content=\"2024-07-08T16:40:35+00:00\" \/>\n<meta property=\"og:image\" content=\"https:\/\/wts-legal.hu\/wp-content\/uploads\/2024\/04\/cover-2-1.jpg\" \/>\n<meta name=\"twitter:card\" content=\"summary_large_image\" \/>\n<meta name=\"twitter:label1\" content=\"Gesch\u00e4tzte Lesezeit\" \/>\n\t<meta name=\"twitter:data1\" content=\"3\u00a0Minuten\" \/>\n<script type=\"application\/ld+json\" class=\"yoast-schema-graph\">{\"@context\":\"https:\\\/\\\/schema.org\",\"@graph\":[{\"@type\":\"WebPage\",\"@id\":\"https:\\\/\\\/wts-legal.hu\\\/\",\"url\":\"https:\\\/\\\/wts-legal.hu\\\/\",\"name\":\"Kezd\u0151lap - WTS Legal\",\"isPartOf\":{\"@id\":\"https:\\\/\\\/wts-legal.hu\\\/#website\"},\"primaryImageOfPage\":{\"@id\":\"https:\\\/\\\/wts-legal.hu\\\/#primaryimage\"},\"image\":{\"@id\":\"https:\\\/\\\/wts-legal.hu\\\/#primaryimage\"},\"thumbnailUrl\":\"https:\\\/\\\/wts-legal.hu\\\/wp-content\\\/uploads\\\/2024\\\/04\\\/cover-2-1.jpg\",\"datePublished\":\"2024-04-26T11:41:20+00:00\",\"dateModified\":\"2024-07-08T16:40:35+00:00\",\"breadcrumb\":{\"@id\":\"https:\\\/\\\/wts-legal.hu\\\/#breadcrumb\"},\"inLanguage\":\"de\",\"potentialAction\":[{\"@type\":\"ReadAction\",\"target\":[\"https:\\\/\\\/wts-legal.hu\\\/\"]}]},{\"@type\":\"ImageObject\",\"inLanguage\":\"de\",\"@id\":\"https:\\\/\\\/wts-legal.hu\\\/#primaryimage\",\"url\":\"https:\\\/\\\/wts-legal.hu\\\/wp-content\\\/uploads\\\/2024\\\/04\\\/cover-2-1.jpg\",\"contentUrl\":\"https:\\\/\\\/wts-legal.hu\\\/wp-content\\\/uploads\\\/2024\\\/04\\\/cover-2-1.jpg\"},{\"@type\":\"BreadcrumbList\",\"@id\":\"https:\\\/\\\/wts-legal.hu\\\/#breadcrumb\",\"itemListElement\":[{\"@type\":\"ListItem\",\"position\":1,\"name\":\"Kezd\u0151lap\",\"item\":\"https:\\\/\\\/wts-legal.hu\\\/\"},{\"@type\":\"ListItem\",\"position\":2,\"name\":\"Kezd\u0151lap\"}]},{\"@type\":\"WebSite\",\"@id\":\"https:\\\/\\\/wts-legal.hu\\\/#website\",\"url\":\"https:\\\/\\\/wts-legal.hu\\\/\",\"name\":\"WTS Legal\",\"description\":\"A WTS Klient egy\u00fcttm\u0171k\u00f6d\u0151 partnere\",\"potentialAction\":[{\"@type\":\"SearchAction\",\"target\":{\"@type\":\"EntryPoint\",\"urlTemplate\":\"https:\\\/\\\/wts-legal.hu\\\/?s={search_term_string}\"},\"query-input\":{\"@type\":\"PropertyValueSpecification\",\"valueRequired\":true,\"valueName\":\"search_term_string\"}}],\"inLanguage\":\"de\"}]}<\/script>\n<!-- \/ Yoast SEO plugin. -->","yoast_head_json":{"title":"Hauptseite - WTS Legal","robots":{"index":"index","follow":"follow","max-snippet":"max-snippet:-1","max-image-preview":"max-image-preview:large","max-video-preview":"max-video-preview:-1"},"canonical":"https:\/\/wts-legal.hu\/de\/","og_locale":"de_DE","og_type":"article","og_title":"Kezd\u0151lap - WTS Legal","og_description":"Jogi szolg\u00e1ltat\u00e1sok megb\u00edzhat\u00f3 k\u00e9zb\u0151l Multidiszciplin\u00e1ris \u00fcgyv\u00e9di irodak\u00e9nt a WTS Legal f\u00fcggetlen, innovat\u00edv \u00e9s gyakorlatorient\u00e1lt jogi megold\u00e1sokat k\u00edn\u00e1l \u00fcgyfelei sz\u00e1m\u00e1ra. V\u00e1llaljuk hazai \u00e9s nemzetk\u00f6zi t\u00e1rsas\u00e1gok, le\u00e1nyv\u00e1llalatok, kis- \u00e9s k\u00f6z\u00e9pv\u00e1llalatok, p\u00e9nz\u00fcgyi befektet\u0151k \u00e9s startupok jogi t\u00e1mogat\u00e1s\u00e1t, a kereskedelmi jog szinte minden ter\u00fclet\u00e9n. Munkat\u00e1rsaink kiterjedt nemzetk\u00f6zi kapcsolatokkal \u00e9s sz\u00e9lesk\u00f6r\u0171, sok\u00e9ves, nemzetk\u00f6zi \u00fcgyv\u00e9di irod\u00e1kban szerzett tapasztalattal rendelkeznek a v\u00e1llalati [&hellip;]","og_url":"https:\/\/wts-legal.hu\/de\/","og_site_name":"WTS Legal","article_modified_time":"2024-07-08T16:40:35+00:00","og_image":[{"url":"https:\/\/wts-legal.hu\/wp-content\/uploads\/2024\/04\/cover-2-1.jpg","type":"","width":"","height":""}],"twitter_card":"summary_large_image","twitter_misc":{"Gesch\u00e4tzte Lesezeit":"3\u00a0Minuten"},"schema":{"@context":"https:\/\/schema.org","@graph":[{"@type":"WebPage","@id":"https:\/\/wts-legal.hu\/","url":"https:\/\/wts-legal.hu\/","name":"Hauptseite - WTS Legal","isPartOf":{"@id":"https:\/\/wts-legal.hu\/#website"},"primaryImageOfPage":{"@id":"https:\/\/wts-legal.hu\/#primaryimage"},"image":{"@id":"https:\/\/wts-legal.hu\/#primaryimage"},"thumbnailUrl":"https:\/\/wts-legal.hu\/wp-content\/uploads\/2024\/04\/cover-2-1.jpg","datePublished":"2024-04-26T11:41:20+00:00","dateModified":"2024-07-08T16:40:35+00:00","breadcrumb":{"@id":"https:\/\/wts-legal.hu\/#breadcrumb"},"inLanguage":"de","potentialAction":[{"@type":"ReadAction","target":["https:\/\/wts-legal.hu\/"]}]},{"@type":"ImageObject","inLanguage":"de","@id":"https:\/\/wts-legal.hu\/#primaryimage","url":"https:\/\/wts-legal.hu\/wp-content\/uploads\/2024\/04\/cover-2-1.jpg","contentUrl":"https:\/\/wts-legal.hu\/wp-content\/uploads\/2024\/04\/cover-2-1.jpg"},{"@type":"BreadcrumbList","@id":"https:\/\/wts-legal.hu\/#breadcrumb","itemListElement":[{"@type":"ListItem","position":1,"name":"Kezd\u0151lap","item":"https:\/\/wts-legal.hu\/"},{"@type":"ListItem","position":2,"name":"Kezd\u0151lap"}]},{"@type":"WebSite","@id":"https:\/\/wts-legal.hu\/#website","url":"https:\/\/wts-legal.hu\/","name":"WTS Legal","description":"A WTS Klient egy\u00fcttm\u0171k\u00f6d\u0151 partnere","potentialAction":[{"@type":"SearchAction","target":{"@type":"EntryPoint","urlTemplate":"https:\/\/wts-legal.hu\/?s={search_term_string}"},"query-input":{"@type":"PropertyValueSpecification","valueRequired":true,"valueName":"search_term_string"}}],"inLanguage":"de"}]}},"_links":{"self":[{"href":"https:\/\/wts-legal.hu\/de\/wp-json\/wp\/v2\/pages\/33","targetHints":{"allow":["GET"]}}],"collection":[{"href":"https:\/\/wts-legal.hu\/de\/wp-json\/wp\/v2\/pages"}],"about":[{"href":"https:\/\/wts-legal.hu\/de\/wp-json\/wp\/v2\/types\/page"}],"author":[{"embeddable":true,"href":"https:\/\/wts-legal.hu\/de\/wp-json\/wp\/v2\/users\/1"}],"replies":[{"embeddable":true,"href":"https:\/\/wts-legal.hu\/de\/wp-json\/wp\/v2\/comments?post=33"}],"version-history":[{"count":12,"href":"https:\/\/wts-legal.hu\/de\/wp-json\/wp\/v2\/pages\/33\/revisions"}],"predecessor-version":[{"id":562,"href":"https:\/\/wts-legal.hu\/de\/wp-json\/wp\/v2\/pages\/33\/revisions\/562"}],"wp:attachment":[{"href":"https:\/\/wts-legal.hu\/de\/wp-json\/wp\/v2\/media?parent=33"}],"curies":[{"name":"wp","href":"https:\/\/api.w.org\/{rel}","templated":true}]}}