{"id":228,"date":"2024-04-29T14:01:28","date_gmt":"2024-04-29T14:01:28","guid":{"rendered":"https:\/\/app-66266e52c1ac188f088b7c7d.closte.com\/?page_id=228"},"modified":"2024-06-19T10:26:18","modified_gmt":"2024-06-19T08:26:18","slug":"legal-statement","status":"publish","type":"page","link":"https:\/\/wts-legal.hu\/en\/jogi-nyilatkozat\/","title":{"rendered":"Disclaimer"},"content":{"rendered":"<p>All content indicated on the website (including, but not limited to, news, articles, posts, blog entries, publications) is for information purposes only. Accordingly, the content on the website does not constitute legal advice. If you have a specific legal question, please contact us.<\/p>\n\n\n\n<p>The entire content of our website, including the structure of the website, images, logos, graphic elements, textual content, is protected by copyright and some elements (e.g. logos) are protected by trademark. You have the right to view the website, print the content, transmit a link to the website, provided that such use is for informational purposes and not for commercial purposes. Otherwise, any use of all or part of the website in any way without prior written consent is prohibited.<\/p>\n\n\n\n<p>WTS Legal Law Office | N\u00e1dasdy Law Office shall not be liable for any damages arising out of or in connection with the use of this website.<\/p>","protected":false},"excerpt":{"rendered":"<p>A honlapon szerepl\u0151 valamennyi tartalom (ide\u00e9rtve k\u00fcl\u00f6n\u00f6sen, de nem kiz\u00e1r\u00f3lagosan h\u00edreket, cikkeket, posztokat, blogbejegyz\u00e9seket, publik\u00e1ci\u00f3kat) kiz\u00e1r\u00f3lag t\u00e1j\u00e9koztat\u00e1si c\u00e9lt szolg\u00e1l. Ennek megfelel\u0151en a honlapon felt\u00fcntetett tartalmak nem min\u0151s\u00fclnek jogi tan\u00e1csad\u00e1snak. Amennyiben konkr\u00e9t jogi k\u00e9rd\u00e9se mer\u00fclne fel, l\u00e9pjen vel\u00fcnk kapcsolatba. A honlapunk teljes tartalma \u2013 \u00edgy t\u00f6bbek k\u00f6z\u00f6tt a honlap fel\u00e9p\u00edt\u00e9se, a honlapon elhelyezett k\u00e9pek, log\u00f3k, grafikai [&hellip;]<\/p>\n","protected":false},"author":1,"featured_media":0,"parent":0,"menu_order":0,"comment_status":"closed","ping_status":"closed","template":"","meta":{"_acf_changed":false,"footnotes":""},"class_list":["post-228","page","type-page","status-publish","hentry"],"acf":[],"yoast_head":"<!-- This site is optimized with the Yoast SEO plugin v27.4 - https:\/\/yoast.com\/product\/yoast-seo-wordpress\/ -->\n<title>Jogi nyilatkozat - WTS Legal<\/title>\n<meta name=\"robots\" content=\"index, follow, max-snippet:-1, max-image-preview:large, max-video-preview:-1\" \/>\n<link rel=\"canonical\" href=\"https:\/\/wts-legal.hu\/en\/legal-statement\/\" \/>\n<meta property=\"og:locale\" content=\"en_US\" \/>\n<meta property=\"og:type\" content=\"article\" \/>\n<meta property=\"og:title\" content=\"Jogi nyilatkozat - WTS Legal\" \/>\n<meta property=\"og:description\" content=\"A honlapon szerepl\u0151 valamennyi tartalom (ide\u00e9rtve k\u00fcl\u00f6n\u00f6sen, de nem kiz\u00e1r\u00f3lagosan h\u00edreket, cikkeket, posztokat, blogbejegyz\u00e9seket, publik\u00e1ci\u00f3kat) kiz\u00e1r\u00f3lag t\u00e1j\u00e9koztat\u00e1si c\u00e9lt szolg\u00e1l. Ennek megfelel\u0151en a honlapon felt\u00fcntetett tartalmak nem min\u0151s\u00fclnek jogi tan\u00e1csad\u00e1snak. Amennyiben konkr\u00e9t jogi k\u00e9rd\u00e9se mer\u00fclne fel, l\u00e9pjen vel\u00fcnk kapcsolatba. A honlapunk teljes tartalma \u2013 \u00edgy t\u00f6bbek k\u00f6z\u00f6tt a honlap fel\u00e9p\u00edt\u00e9se, a honlapon elhelyezett k\u00e9pek, log\u00f3k, grafikai [&hellip;]\" \/>\n<meta property=\"og:url\" content=\"https:\/\/wts-legal.hu\/en\/legal-statement\/\" \/>\n<meta property=\"og:site_name\" content=\"WTS Legal\" \/>\n<meta property=\"article:modified_time\" content=\"2024-06-19T08:26:18+00:00\" \/>\n<meta name=\"twitter:card\" content=\"summary_large_image\" \/>\n<meta name=\"twitter:label1\" content=\"Est. reading time\" \/>\n\t<meta name=\"twitter:data1\" content=\"1 minute\" \/>\n<script type=\"application\/ld+json\" class=\"yoast-schema-graph\">{\"@context\":\"https:\\\/\\\/schema.org\",\"@graph\":[{\"@type\":\"WebPage\",\"@id\":\"https:\\\/\\\/wts-legal.hu\\\/jogi-nyilatkozat\\\/\",\"url\":\"https:\\\/\\\/wts-legal.hu\\\/jogi-nyilatkozat\\\/\",\"name\":\"Jogi nyilatkozat - WTS Legal\",\"isPartOf\":{\"@id\":\"https:\\\/\\\/wts-legal.hu\\\/#website\"},\"datePublished\":\"2024-04-29T14:01:28+00:00\",\"dateModified\":\"2024-06-19T08:26:18+00:00\",\"breadcrumb\":{\"@id\":\"https:\\\/\\\/wts-legal.hu\\\/jogi-nyilatkozat\\\/#breadcrumb\"},\"inLanguage\":\"en-US\",\"potentialAction\":[{\"@type\":\"ReadAction\",\"target\":[\"https:\\\/\\\/wts-legal.hu\\\/jogi-nyilatkozat\\\/\"]}]},{\"@type\":\"BreadcrumbList\",\"@id\":\"https:\\\/\\\/wts-legal.hu\\\/jogi-nyilatkozat\\\/#breadcrumb\",\"itemListElement\":[{\"@type\":\"ListItem\",\"position\":1,\"name\":\"Kezd\u0151lap\",\"item\":\"https:\\\/\\\/wts-legal.hu\\\/\"},{\"@type\":\"ListItem\",\"position\":2,\"name\":\"Jogi nyilatkozat\"}]},{\"@type\":\"WebSite\",\"@id\":\"https:\\\/\\\/wts-legal.hu\\\/#website\",\"url\":\"https:\\\/\\\/wts-legal.hu\\\/\",\"name\":\"WTS Legal\",\"description\":\"A WTS Klient egy\u00fcttm\u0171k\u00f6d\u0151 partnere\",\"potentialAction\":[{\"@type\":\"SearchAction\",\"target\":{\"@type\":\"EntryPoint\",\"urlTemplate\":\"https:\\\/\\\/wts-legal.hu\\\/?s={search_term_string}\"},\"query-input\":{\"@type\":\"PropertyValueSpecification\",\"valueRequired\":true,\"valueName\":\"search_term_string\"}}],\"inLanguage\":\"en-US\"}]}<\/script>\n<!-- \/ Yoast SEO plugin. -->","yoast_head_json":{"title":"Disclaimer - WTS Legal","robots":{"index":"index","follow":"follow","max-snippet":"max-snippet:-1","max-image-preview":"max-image-preview:large","max-video-preview":"max-video-preview:-1"},"canonical":"https:\/\/wts-legal.hu\/en\/legal-statement\/","og_locale":"en_US","og_type":"article","og_title":"Jogi nyilatkozat - WTS Legal","og_description":"A honlapon szerepl\u0151 valamennyi tartalom (ide\u00e9rtve k\u00fcl\u00f6n\u00f6sen, de nem kiz\u00e1r\u00f3lagosan h\u00edreket, cikkeket, posztokat, blogbejegyz\u00e9seket, publik\u00e1ci\u00f3kat) kiz\u00e1r\u00f3lag t\u00e1j\u00e9koztat\u00e1si c\u00e9lt szolg\u00e1l. Ennek megfelel\u0151en a honlapon felt\u00fcntetett tartalmak nem min\u0151s\u00fclnek jogi tan\u00e1csad\u00e1snak. Amennyiben konkr\u00e9t jogi k\u00e9rd\u00e9se mer\u00fclne fel, l\u00e9pjen vel\u00fcnk kapcsolatba. A honlapunk teljes tartalma \u2013 \u00edgy t\u00f6bbek k\u00f6z\u00f6tt a honlap fel\u00e9p\u00edt\u00e9se, a honlapon elhelyezett k\u00e9pek, log\u00f3k, grafikai [&hellip;]","og_url":"https:\/\/wts-legal.hu\/en\/legal-statement\/","og_site_name":"WTS Legal","article_modified_time":"2024-06-19T08:26:18+00:00","twitter_card":"summary_large_image","twitter_misc":{"Est. reading time":"1 minute"},"schema":{"@context":"https:\/\/schema.org","@graph":[{"@type":"WebPage","@id":"https:\/\/wts-legal.hu\/jogi-nyilatkozat\/","url":"https:\/\/wts-legal.hu\/jogi-nyilatkozat\/","name":"Disclaimer - WTS Legal","isPartOf":{"@id":"https:\/\/wts-legal.hu\/#website"},"datePublished":"2024-04-29T14:01:28+00:00","dateModified":"2024-06-19T08:26:18+00:00","breadcrumb":{"@id":"https:\/\/wts-legal.hu\/jogi-nyilatkozat\/#breadcrumb"},"inLanguage":"en-US","potentialAction":[{"@type":"ReadAction","target":["https:\/\/wts-legal.hu\/jogi-nyilatkozat\/"]}]},{"@type":"BreadcrumbList","@id":"https:\/\/wts-legal.hu\/jogi-nyilatkozat\/#breadcrumb","itemListElement":[{"@type":"ListItem","position":1,"name":"Kezd\u0151lap","item":"https:\/\/wts-legal.hu\/"},{"@type":"ListItem","position":2,"name":"Jogi nyilatkozat"}]},{"@type":"WebSite","@id":"https:\/\/wts-legal.hu\/#website","url":"https:\/\/wts-legal.hu\/","name":"WTS Legal","description":"A WTS Klient egy\u00fcttm\u0171k\u00f6d\u0151 partnere","potentialAction":[{"@type":"SearchAction","target":{"@type":"EntryPoint","urlTemplate":"https:\/\/wts-legal.hu\/?s={search_term_string}"},"query-input":{"@type":"PropertyValueSpecification","valueRequired":true,"valueName":"search_term_string"}}],"inLanguage":"en-US"}]}},"_links":{"self":[{"href":"https:\/\/wts-legal.hu\/en\/wp-json\/wp\/v2\/pages\/228","targetHints":{"allow":["GET"]}}],"collection":[{"href":"https:\/\/wts-legal.hu\/en\/wp-json\/wp\/v2\/pages"}],"about":[{"href":"https:\/\/wts-legal.hu\/en\/wp-json\/wp\/v2\/types\/page"}],"author":[{"embeddable":true,"href":"https:\/\/wts-legal.hu\/en\/wp-json\/wp\/v2\/users\/1"}],"replies":[{"embeddable":true,"href":"https:\/\/wts-legal.hu\/en\/wp-json\/wp\/v2\/comments?post=228"}],"version-history":[{"count":2,"href":"https:\/\/wts-legal.hu\/en\/wp-json\/wp\/v2\/pages\/228\/revisions"}],"predecessor-version":[{"id":548,"href":"https:\/\/wts-legal.hu\/en\/wp-json\/wp\/v2\/pages\/228\/revisions\/548"}],"wp:attachment":[{"href":"https:\/\/wts-legal.hu\/en\/wp-json\/wp\/v2\/media?parent=228"}],"curies":[{"name":"wp","href":"https:\/\/api.w.org\/{rel}","templated":true}]}}