{"id":230,"date":"2024-04-29T14:01:50","date_gmt":"2024-04-29T14:01:50","guid":{"rendered":"https:\/\/app-66266e52c1ac188f088b7c7d.closte.com\/?page_id=230"},"modified":"2025-02-12T18:09:36","modified_gmt":"2025-02-12T17:09:36","slug":"company-information","status":"publish","type":"page","link":"https:\/\/wts-legal.hu\/en\/ceginformacio\/","title":{"rendered":"Company information"},"content":{"rendered":"<p>WTS Legal Attorneys Association<br>N\u00e1dasdy Law Office<br><br>Registered office: H-1143 Budapest Stef\u00e1nia \u00fat 101-103.<br>Telephone: +36 1 224 0900<br>E-mail: iroda@wts-legal.hu<br><br>Tax number: 18135925-2-42<br>Community tax number: 18135925<br>Registration number: 5005<br>Budapest Bar Association<\/p>\n\n\n\n<p>The rules applicable for carrying out the professional activities of attorneys-at-law are available on the following links:<br><a href=\"https:\/\/njt.hu\/jogszabaly\/en\/2017-78-00-00\">https:\/\/njt.hu\/jogszabaly\/en\/2017-78-00-00<\/a><br><a href=\"https:\/\/www.xn--mk-xka.hu\/szabalyozas\">https:\/\/www.xn--mk-xka.hu\/szabalyozas<\/a><\/p>\n\n\n\n<p>Name of hosting service provider: Microware Hungary Kft.<br>Registered office: H - 1148 Budapest, Fogarasi \u00fat 3-5.<br>Contact details: domreg@microware.hu<\/p>","protected":false},"excerpt":{"rendered":"<p>WTS Legal \u00dcgyv\u00e9di T\u00e1rsul\u00e1sN\u00e1dasdy \u00dcgyv\u00e9di Iroda Sz\u00e9khely: H-1143 Budapest Stef\u00e1nia \u00fat 101-103.Telefon: +36 1 224 0900E-mail: iroda@wts-legal.hu Ad\u00f3sz\u00e1m: 18135925-2-42K\u00f6z\u00f6ss\u00e9gi ad\u00f3sz\u00e1m: 18135925Lajstromsz\u00e1m: 5005Budapesti \u00dcgyv\u00e9di Kamara Az \u00fcgyv\u00e9di tev\u00e9kenys\u00e9g gyakorl\u00e1s\u00e1ra alkalmazand\u00f3 szab\u00e1lyok az al\u00e1bbi linkeken \u00e9rhet\u0151k el:https:\/\/njt.hu\/jogszabaly\/2017-78-00-00https:\/\/www.xn--mk-xka.hu\/szabalyozas T\u00e1rhelyszolg\u00e1ltat\u00f3 megnevez\u00e9se: Microware Hungary Kft.Sz\u00e9khelye: 1148 Budapest, Fogarasi \u00fat 3-5.El\u00e9rhet\u0151s\u00e9g: domreg@microware.hu<\/p>","protected":false},"author":1,"featured_media":0,"parent":0,"menu_order":0,"comment_status":"closed","ping_status":"closed","template":"","meta":{"_acf_changed":false,"footnotes":""},"class_list":["post-230","page","type-page","status-publish","hentry"],"acf":[],"yoast_head":"<!-- This site is optimized with the Yoast SEO plugin v27.5 - https:\/\/yoast.com\/product\/yoast-seo-wordpress\/ -->\n<title>C\u00e9ginform\u00e1ci\u00f3 - WTS Legal<\/title>\n<meta name=\"robots\" content=\"index, follow, max-snippet:-1, max-image-preview:large, max-video-preview:-1\" \/>\n<link rel=\"canonical\" href=\"https:\/\/wts-legal.hu\/en\/company-information\/\" \/>\n<meta property=\"og:locale\" content=\"en_US\" \/>\n<meta property=\"og:type\" content=\"article\" \/>\n<meta property=\"og:title\" content=\"C\u00e9ginform\u00e1ci\u00f3 - WTS Legal\" \/>\n<meta property=\"og:description\" content=\"WTS Legal \u00dcgyv\u00e9di T\u00e1rsul\u00e1sN\u00e1dasdy \u00dcgyv\u00e9di Iroda Sz\u00e9khely: H-1143 Budapest Stef\u00e1nia \u00fat 101-103.Telefon: +36 1 224 0900E-mail: iroda@wts-legal.hu Ad\u00f3sz\u00e1m: 18135925-2-42K\u00f6z\u00f6ss\u00e9gi ad\u00f3sz\u00e1m: 18135925Lajstromsz\u00e1m: 5005Budapesti \u00dcgyv\u00e9di Kamara Az \u00fcgyv\u00e9di tev\u00e9kenys\u00e9g gyakorl\u00e1s\u00e1ra alkalmazand\u00f3 szab\u00e1lyok az al\u00e1bbi linkeken \u00e9rhet\u0151k el:https:\/\/njt.hu\/jogszabaly\/2017-78-00-00https:\/\/www.xn--mk-xka.hu\/szabalyozas T\u00e1rhelyszolg\u00e1ltat\u00f3 megnevez\u00e9se: Microware Hungary Kft.Sz\u00e9khelye: 1148 Budapest, Fogarasi \u00fat 3-5.El\u00e9rhet\u0151s\u00e9g: domreg@microware.hu\" \/>\n<meta property=\"og:url\" content=\"https:\/\/wts-legal.hu\/en\/company-information\/\" \/>\n<meta property=\"og:site_name\" content=\"WTS Legal\" \/>\n<meta property=\"article:modified_time\" content=\"2025-02-12T17:09:36+00:00\" \/>\n<meta name=\"twitter:card\" content=\"summary_large_image\" \/>\n<meta name=\"twitter:label1\" content=\"Est. reading time\" \/>\n\t<meta name=\"twitter:data1\" content=\"1 minute\" \/>\n<script type=\"application\/ld+json\" class=\"yoast-schema-graph\">{\"@context\":\"https:\\\/\\\/schema.org\",\"@graph\":[{\"@type\":\"WebPage\",\"@id\":\"https:\\\/\\\/wts-legal.hu\\\/ceginformacio\\\/\",\"url\":\"https:\\\/\\\/wts-legal.hu\\\/ceginformacio\\\/\",\"name\":\"C\u00e9ginform\u00e1ci\u00f3 - WTS Legal\",\"isPartOf\":{\"@id\":\"https:\\\/\\\/wts-legal.hu\\\/#website\"},\"datePublished\":\"2024-04-29T14:01:50+00:00\",\"dateModified\":\"2025-02-12T17:09:36+00:00\",\"breadcrumb\":{\"@id\":\"https:\\\/\\\/wts-legal.hu\\\/ceginformacio\\\/#breadcrumb\"},\"inLanguage\":\"en-US\",\"potentialAction\":[{\"@type\":\"ReadAction\",\"target\":[\"https:\\\/\\\/wts-legal.hu\\\/ceginformacio\\\/\"]}]},{\"@type\":\"BreadcrumbList\",\"@id\":\"https:\\\/\\\/wts-legal.hu\\\/ceginformacio\\\/#breadcrumb\",\"itemListElement\":[{\"@type\":\"ListItem\",\"position\":1,\"name\":\"Kezd\u0151lap\",\"item\":\"https:\\\/\\\/wts-legal.hu\\\/\"},{\"@type\":\"ListItem\",\"position\":2,\"name\":\"C\u00e9ginform\u00e1ci\u00f3\"}]},{\"@type\":\"WebSite\",\"@id\":\"https:\\\/\\\/wts-legal.hu\\\/#website\",\"url\":\"https:\\\/\\\/wts-legal.hu\\\/\",\"name\":\"WTS Legal\",\"description\":\"A WTS Klient egy\u00fcttm\u0171k\u00f6d\u0151 partnere\",\"potentialAction\":[{\"@type\":\"SearchAction\",\"target\":{\"@type\":\"EntryPoint\",\"urlTemplate\":\"https:\\\/\\\/wts-legal.hu\\\/?s={search_term_string}\"},\"query-input\":{\"@type\":\"PropertyValueSpecification\",\"valueRequired\":true,\"valueName\":\"search_term_string\"}}],\"inLanguage\":\"en-US\"}]}<\/script>\n<!-- \/ Yoast SEO plugin. -->","yoast_head_json":{"title":"Company information - WTS Legal","robots":{"index":"index","follow":"follow","max-snippet":"max-snippet:-1","max-image-preview":"max-image-preview:large","max-video-preview":"max-video-preview:-1"},"canonical":"https:\/\/wts-legal.hu\/en\/company-information\/","og_locale":"en_US","og_type":"article","og_title":"C\u00e9ginform\u00e1ci\u00f3 - WTS Legal","og_description":"WTS Legal \u00dcgyv\u00e9di T\u00e1rsul\u00e1sN\u00e1dasdy \u00dcgyv\u00e9di Iroda Sz\u00e9khely: H-1143 Budapest Stef\u00e1nia \u00fat 101-103.Telefon: +36 1 224 0900E-mail: iroda@wts-legal.hu Ad\u00f3sz\u00e1m: 18135925-2-42K\u00f6z\u00f6ss\u00e9gi ad\u00f3sz\u00e1m: 18135925Lajstromsz\u00e1m: 5005Budapesti \u00dcgyv\u00e9di Kamara Az \u00fcgyv\u00e9di tev\u00e9kenys\u00e9g gyakorl\u00e1s\u00e1ra alkalmazand\u00f3 szab\u00e1lyok az al\u00e1bbi linkeken \u00e9rhet\u0151k el:https:\/\/njt.hu\/jogszabaly\/2017-78-00-00https:\/\/www.xn--mk-xka.hu\/szabalyozas T\u00e1rhelyszolg\u00e1ltat\u00f3 megnevez\u00e9se: Microware Hungary Kft.Sz\u00e9khelye: 1148 Budapest, Fogarasi \u00fat 3-5.El\u00e9rhet\u0151s\u00e9g: domreg@microware.hu","og_url":"https:\/\/wts-legal.hu\/en\/company-information\/","og_site_name":"WTS Legal","article_modified_time":"2025-02-12T17:09:36+00:00","twitter_card":"summary_large_image","twitter_misc":{"Est. reading time":"1 minute"},"schema":{"@context":"https:\/\/schema.org","@graph":[{"@type":"WebPage","@id":"https:\/\/wts-legal.hu\/ceginformacio\/","url":"https:\/\/wts-legal.hu\/ceginformacio\/","name":"Company information - WTS Legal","isPartOf":{"@id":"https:\/\/wts-legal.hu\/#website"},"datePublished":"2024-04-29T14:01:50+00:00","dateModified":"2025-02-12T17:09:36+00:00","breadcrumb":{"@id":"https:\/\/wts-legal.hu\/ceginformacio\/#breadcrumb"},"inLanguage":"en-US","potentialAction":[{"@type":"ReadAction","target":["https:\/\/wts-legal.hu\/ceginformacio\/"]}]},{"@type":"BreadcrumbList","@id":"https:\/\/wts-legal.hu\/ceginformacio\/#breadcrumb","itemListElement":[{"@type":"ListItem","position":1,"name":"Kezd\u0151lap","item":"https:\/\/wts-legal.hu\/"},{"@type":"ListItem","position":2,"name":"C\u00e9ginform\u00e1ci\u00f3"}]},{"@type":"WebSite","@id":"https:\/\/wts-legal.hu\/#website","url":"https:\/\/wts-legal.hu\/","name":"WTS Legal","description":"A WTS Klient egy\u00fcttm\u0171k\u00f6d\u0151 partnere","potentialAction":[{"@type":"SearchAction","target":{"@type":"EntryPoint","urlTemplate":"https:\/\/wts-legal.hu\/?s={search_term_string}"},"query-input":{"@type":"PropertyValueSpecification","valueRequired":true,"valueName":"search_term_string"}}],"inLanguage":"en-US"}]}},"_links":{"self":[{"href":"https:\/\/wts-legal.hu\/en\/wp-json\/wp\/v2\/pages\/230","targetHints":{"allow":["GET"]}}],"collection":[{"href":"https:\/\/wts-legal.hu\/en\/wp-json\/wp\/v2\/pages"}],"about":[{"href":"https:\/\/wts-legal.hu\/en\/wp-json\/wp\/v2\/types\/page"}],"author":[{"embeddable":true,"href":"https:\/\/wts-legal.hu\/en\/wp-json\/wp\/v2\/users\/1"}],"replies":[{"embeddable":true,"href":"https:\/\/wts-legal.hu\/en\/wp-json\/wp\/v2\/comments?post=230"}],"version-history":[{"count":10,"href":"https:\/\/wts-legal.hu\/en\/wp-json\/wp\/v2\/pages\/230\/revisions"}],"predecessor-version":[{"id":592,"href":"https:\/\/wts-legal.hu\/en\/wp-json\/wp\/v2\/pages\/230\/revisions\/592"}],"wp:attachment":[{"href":"https:\/\/wts-legal.hu\/en\/wp-json\/wp\/v2\/media?parent=230"}],"curies":[{"name":"wp","href":"https:\/\/api.w.org\/{rel}","templated":true}]}}