{"id":7,"date":"2024-04-26T09:54:38","date_gmt":"2024-04-26T09:54:38","guid":{"rendered":"https:\/\/app-66266e52c1ac188f088b7c7d.closte.com\/?page_id=7"},"modified":"2024-05-28T19:19:03","modified_gmt":"2024-05-28T19:19:03","slug":"about-us","status":"publish","type":"page","link":"https:\/\/wts-legal.hu\/en\/rolunk\/","title":{"rendered":"R\u00f3lunk"},"content":{"rendered":"<h2 class=\"wp-block-heading\">Legal services from trusted advisors<\/h2>\n\n\n\n<p>Multidiszciplin\u00e1ris \u00fcgyv\u00e9di irodak\u00e9nt a N\u00e1dasdy \u00dcgyv\u00e9di Iroda f\u00fcggetlen, innovat\u00edv \u00e9s gyakorlatorient\u00e1lt jogi megold\u00e1sokat k\u00edn\u00e1l \u00fcgyfelei sz\u00e1m\u00e1ra. V\u00e1llaljuk hazai \u00e9s nemzetk\u00f6zi t\u00e1rsas\u00e1gok, le\u00e1nyv\u00e1llalatok, kis- \u00e9s k\u00f6z\u00e9pv\u00e1llalatok, p\u00e9nz\u00fcgyi befektet\u0151k \u00e9s startupok jogi t\u00e1mogat\u00e1s\u00e1t, a kereskedelmi jog szinte minden ter\u00fclet\u00e9n.<\/p>\n\n\n\n<p>Our team has extensive international network and many years of experience from international law firms in a wide range of business areas, including employment, corporate and commercial law, mergers and acquisitions, restructuring, real estate transactions, competition and data protection.<\/p>\n\n\n\n<p>We also provide day-to-day legal advice, including project management and project monitoring services. We also take on legal tasks related to the digital business, including IT, cloud services and artificial intelligence, to meet the challenges of our times.<\/p>\n\n\n\n<p>With our team of experts, we believe that our clients need specific, practical legal guidance from an expert in the relevant area of law, in the context of a quality service, to enable them to make the right business decisions.<\/p>\n\n\n\n<h2 class=\"wp-block-heading\"><strong>Cooperation with WTS Klient<\/strong><\/h2>\n\n\n\n<p>Our office works closely with WTS Klient Business Advisory Ltd. We believe that no advisory activity can be sufficiently well-founded without the appropriate legal background. Whether it is tax or accounting advice, an accurate legal understanding of the subject matter always provides the basis for making the right decision.<\/p>\n\n\n\n<p>The high quality of our legal advice is supported by the fact that our legal advisors not only have excellent legal knowledge, but also - in cooperation with WTS Klient - in-depth accounting and tax knowledge. This knowledge is particularly useful in the areas of company and employment law, but is also indispensable in cases involving corporate acquisitions, restructurings and in real estate transactions.<\/p>\n\n\n\n<p>Our partnership with WTS Klient also provides the back-up support for the WTS Global international network, and we can also ensure a high level of service to clients by working with reputable law firms where necessary.<\/p>\n\n\n\n<p><strong>Advice you need<\/strong><\/p>\n\n\n\n<p>Our expertise is always at your disposal. Have a look at our legal services and contact us!<\/p>","protected":false},"excerpt":{"rendered":"<p>Jogi szolg\u00e1ltat\u00e1sok megb\u00edzhat\u00f3 k\u00e9zb\u0151l Multidiszciplin\u00e1ris \u00fcgyv\u00e9di irodak\u00e9nt a N\u00e1dasdy \u00dcgyv\u00e9di Iroda f\u00fcggetlen, innovat\u00edv \u00e9s gyakorlatorient\u00e1lt jogi megold\u00e1sokat k\u00edn\u00e1l \u00fcgyfelei sz\u00e1m\u00e1ra. V\u00e1llaljuk hazai \u00e9s nemzetk\u00f6zi t\u00e1rsas\u00e1gok, le\u00e1nyv\u00e1llalatok, kis- \u00e9s k\u00f6z\u00e9pv\u00e1llalatok, p\u00e9nz\u00fcgyi befektet\u0151k \u00e9s startupok jogi t\u00e1mogat\u00e1s\u00e1t, a kereskedelmi jog szinte minden ter\u00fclet\u00e9n. Munkat\u00e1rsaink kiterjedt nemzetk\u00f6zi kapcsolatokkal \u00e9s sz\u00e9lesk\u00f6r\u0171, sok\u00e9ves, nemzetk\u00f6zi \u00fcgyv\u00e9di irod\u00e1kban szerzett tapasztalattal rendelkeznek a [&hellip;]<\/p>\n","protected":false},"author":1,"featured_media":0,"parent":0,"menu_order":0,"comment_status":"closed","ping_status":"closed","template":"","meta":{"_acf_changed":false,"footnotes":""},"class_list":["post-7","page","type-page","status-publish","hentry"],"acf":[],"yoast_head":"<!-- This site is optimized with the Yoast SEO plugin v27.4 - https:\/\/yoast.com\/product\/yoast-seo-wordpress\/ -->\n<title>R\u00f3lunk - WTS Legal<\/title>\n<meta name=\"robots\" content=\"index, follow, max-snippet:-1, max-image-preview:large, max-video-preview:-1\" \/>\n<link rel=\"canonical\" href=\"https:\/\/wts-legal.hu\/en\/about-us\/\" \/>\n<meta property=\"og:locale\" content=\"en_US\" \/>\n<meta property=\"og:type\" content=\"article\" \/>\n<meta property=\"og:title\" content=\"R\u00f3lunk - WTS Legal\" \/>\n<meta property=\"og:description\" content=\"Jogi szolg\u00e1ltat\u00e1sok megb\u00edzhat\u00f3 k\u00e9zb\u0151l Multidiszciplin\u00e1ris \u00fcgyv\u00e9di irodak\u00e9nt a N\u00e1dasdy \u00dcgyv\u00e9di Iroda f\u00fcggetlen, innovat\u00edv \u00e9s gyakorlatorient\u00e1lt jogi megold\u00e1sokat k\u00edn\u00e1l \u00fcgyfelei sz\u00e1m\u00e1ra. V\u00e1llaljuk hazai \u00e9s nemzetk\u00f6zi t\u00e1rsas\u00e1gok, le\u00e1nyv\u00e1llalatok, kis- \u00e9s k\u00f6z\u00e9pv\u00e1llalatok, p\u00e9nz\u00fcgyi befektet\u0151k \u00e9s startupok jogi t\u00e1mogat\u00e1s\u00e1t, a kereskedelmi jog szinte minden ter\u00fclet\u00e9n. Munkat\u00e1rsaink kiterjedt nemzetk\u00f6zi kapcsolatokkal \u00e9s sz\u00e9lesk\u00f6r\u0171, sok\u00e9ves, nemzetk\u00f6zi \u00fcgyv\u00e9di irod\u00e1kban szerzett tapasztalattal rendelkeznek a [&hellip;]\" \/>\n<meta property=\"og:url\" content=\"https:\/\/wts-legal.hu\/en\/about-us\/\" \/>\n<meta property=\"og:site_name\" content=\"WTS Legal\" \/>\n<meta property=\"article:modified_time\" content=\"2024-05-28T19:19:03+00:00\" \/>\n<meta name=\"twitter:card\" content=\"summary_large_image\" \/>\n<meta name=\"twitter:label1\" content=\"Est. reading time\" \/>\n\t<meta name=\"twitter:data1\" content=\"3 minutes\" \/>\n<script type=\"application\/ld+json\" class=\"yoast-schema-graph\">{\"@context\":\"https:\\\/\\\/schema.org\",\"@graph\":[{\"@type\":\"WebPage\",\"@id\":\"https:\\\/\\\/wts-legal.hu\\\/rolunk\\\/\",\"url\":\"https:\\\/\\\/wts-legal.hu\\\/rolunk\\\/\",\"name\":\"R\u00f3lunk - WTS Legal\",\"isPartOf\":{\"@id\":\"https:\\\/\\\/wts-legal.hu\\\/#website\"},\"datePublished\":\"2024-04-26T09:54:38+00:00\",\"dateModified\":\"2024-05-28T19:19:03+00:00\",\"breadcrumb\":{\"@id\":\"https:\\\/\\\/wts-legal.hu\\\/rolunk\\\/#breadcrumb\"},\"inLanguage\":\"en-US\",\"potentialAction\":[{\"@type\":\"ReadAction\",\"target\":[\"https:\\\/\\\/wts-legal.hu\\\/rolunk\\\/\"]}]},{\"@type\":\"BreadcrumbList\",\"@id\":\"https:\\\/\\\/wts-legal.hu\\\/rolunk\\\/#breadcrumb\",\"itemListElement\":[{\"@type\":\"ListItem\",\"position\":1,\"name\":\"Kezd\u0151lap\",\"item\":\"https:\\\/\\\/wts-legal.hu\\\/\"},{\"@type\":\"ListItem\",\"position\":2,\"name\":\"R\u00f3lunk\"}]},{\"@type\":\"WebSite\",\"@id\":\"https:\\\/\\\/wts-legal.hu\\\/#website\",\"url\":\"https:\\\/\\\/wts-legal.hu\\\/\",\"name\":\"WTS Legal\",\"description\":\"A WTS Klient egy\u00fcttm\u0171k\u00f6d\u0151 partnere\",\"potentialAction\":[{\"@type\":\"SearchAction\",\"target\":{\"@type\":\"EntryPoint\",\"urlTemplate\":\"https:\\\/\\\/wts-legal.hu\\\/?s={search_term_string}\"},\"query-input\":{\"@type\":\"PropertyValueSpecification\",\"valueRequired\":true,\"valueName\":\"search_term_string\"}}],\"inLanguage\":\"en-US\"}]}<\/script>\n<!-- \/ Yoast SEO plugin. -->","yoast_head_json":{"title":"R\u00f3lunk - WTS Legal","robots":{"index":"index","follow":"follow","max-snippet":"max-snippet:-1","max-image-preview":"max-image-preview:large","max-video-preview":"max-video-preview:-1"},"canonical":"https:\/\/wts-legal.hu\/en\/about-us\/","og_locale":"en_US","og_type":"article","og_title":"R\u00f3lunk - WTS Legal","og_description":"Jogi szolg\u00e1ltat\u00e1sok megb\u00edzhat\u00f3 k\u00e9zb\u0151l Multidiszciplin\u00e1ris \u00fcgyv\u00e9di irodak\u00e9nt a N\u00e1dasdy \u00dcgyv\u00e9di Iroda f\u00fcggetlen, innovat\u00edv \u00e9s gyakorlatorient\u00e1lt jogi megold\u00e1sokat k\u00edn\u00e1l \u00fcgyfelei sz\u00e1m\u00e1ra. V\u00e1llaljuk hazai \u00e9s nemzetk\u00f6zi t\u00e1rsas\u00e1gok, le\u00e1nyv\u00e1llalatok, kis- \u00e9s k\u00f6z\u00e9pv\u00e1llalatok, p\u00e9nz\u00fcgyi befektet\u0151k \u00e9s startupok jogi t\u00e1mogat\u00e1s\u00e1t, a kereskedelmi jog szinte minden ter\u00fclet\u00e9n. Munkat\u00e1rsaink kiterjedt nemzetk\u00f6zi kapcsolatokkal \u00e9s sz\u00e9lesk\u00f6r\u0171, sok\u00e9ves, nemzetk\u00f6zi \u00fcgyv\u00e9di irod\u00e1kban szerzett tapasztalattal rendelkeznek a [&hellip;]","og_url":"https:\/\/wts-legal.hu\/en\/about-us\/","og_site_name":"WTS Legal","article_modified_time":"2024-05-28T19:19:03+00:00","twitter_card":"summary_large_image","twitter_misc":{"Est. reading time":"3 minutes"},"schema":{"@context":"https:\/\/schema.org","@graph":[{"@type":"WebPage","@id":"https:\/\/wts-legal.hu\/rolunk\/","url":"https:\/\/wts-legal.hu\/rolunk\/","name":"R\u00f3lunk - WTS Legal","isPartOf":{"@id":"https:\/\/wts-legal.hu\/#website"},"datePublished":"2024-04-26T09:54:38+00:00","dateModified":"2024-05-28T19:19:03+00:00","breadcrumb":{"@id":"https:\/\/wts-legal.hu\/rolunk\/#breadcrumb"},"inLanguage":"en-US","potentialAction":[{"@type":"ReadAction","target":["https:\/\/wts-legal.hu\/rolunk\/"]}]},{"@type":"BreadcrumbList","@id":"https:\/\/wts-legal.hu\/rolunk\/#breadcrumb","itemListElement":[{"@type":"ListItem","position":1,"name":"Kezd\u0151lap","item":"https:\/\/wts-legal.hu\/"},{"@type":"ListItem","position":2,"name":"R\u00f3lunk"}]},{"@type":"WebSite","@id":"https:\/\/wts-legal.hu\/#website","url":"https:\/\/wts-legal.hu\/","name":"WTS Legal","description":"A WTS Klient egy\u00fcttm\u0171k\u00f6d\u0151 partnere","potentialAction":[{"@type":"SearchAction","target":{"@type":"EntryPoint","urlTemplate":"https:\/\/wts-legal.hu\/?s={search_term_string}"},"query-input":{"@type":"PropertyValueSpecification","valueRequired":true,"valueName":"search_term_string"}}],"inLanguage":"en-US"}]}},"_links":{"self":[{"href":"https:\/\/wts-legal.hu\/en\/wp-json\/wp\/v2\/pages\/7","targetHints":{"allow":["GET"]}}],"collection":[{"href":"https:\/\/wts-legal.hu\/en\/wp-json\/wp\/v2\/pages"}],"about":[{"href":"https:\/\/wts-legal.hu\/en\/wp-json\/wp\/v2\/types\/page"}],"author":[{"embeddable":true,"href":"https:\/\/wts-legal.hu\/en\/wp-json\/wp\/v2\/users\/1"}],"replies":[{"embeddable":true,"href":"https:\/\/wts-legal.hu\/en\/wp-json\/wp\/v2\/comments?post=7"}],"version-history":[{"count":2,"href":"https:\/\/wts-legal.hu\/en\/wp-json\/wp\/v2\/pages\/7\/revisions"}],"predecessor-version":[{"id":311,"href":"https:\/\/wts-legal.hu\/en\/wp-json\/wp\/v2\/pages\/7\/revisions\/311"}],"wp:attachment":[{"href":"https:\/\/wts-legal.hu\/en\/wp-json\/wp\/v2\/media?parent=7"}],"curies":[{"name":"wp","href":"https:\/\/api.w.org\/{rel}","templated":true}]}}